{"id":1660,"date":"2025-04-25T18:06:55","date_gmt":"2025-04-25T18:06:55","guid":{"rendered":"https:\/\/patriciamadaleno.com\/?page_id=1660"},"modified":"2025-09-19T18:11:48","modified_gmt":"2025-09-19T18:11:48","slug":"about","status":"publish","type":"page","link":"https:\/\/patriciamadaleno.com\/pt\/about\/","title":{"rendered":"About"},"content":{"rendered":"<div data-elementor-type=\"wp-page\" data-elementor-id=\"1660\" class=\"elementor elementor-1660\">\n\t\t\t\t\t\t<section class=\"elementor-section elementor-top-section elementor-element elementor-element-034b1ba elementor-section-boxed elementor-section-height-default elementor-section-height-default wpr-particle-no wpr-jarallax-no wpr-parallax-no wpr-sticky-section-no wpr-equal-height-no qodef-elementor-content-no\" data-id=\"034b1ba\" data-element_type=\"section\" data-e-type=\"section\">\n\t\t\t\t\t\t<div class=\"elementor-container elementor-column-gap-default\">\n\t\t\t\t\t<div class=\"elementor-column elementor-col-33 elementor-top-column elementor-element elementor-element-d981575\" data-id=\"d981575\" data-element_type=\"column\" data-e-type=\"column\">\n\t\t\t<div class=\"elementor-widget-wrap elementor-element-populated\">\n\t\t\t\t\t\t<div class=\"elementor-element elementor-element-1b05d33 elementor-widget elementor-widget-text-editor\" data-id=\"1b05d33\" data-element_type=\"widget\" data-e-type=\"widget\" data-widget_type=\"text-editor.default\">\n\t\t\t\t<div class=\"elementor-widget-container\">\n\t\t\t\t\t\t\t\t\t<h4>Sobre mim<\/h4>\t\t\t\t\t\t\t\t<\/div>\n\t\t\t\t<\/div>\n\t\t\t\t\t<\/div>\n\t\t<\/div>\n\t\t\t\t<div class=\"elementor-column elementor-col-33 elementor-top-column elementor-element elementor-element-5ebc730\" data-id=\"5ebc730\" data-element_type=\"column\" data-e-type=\"column\">\n\t\t\t<div class=\"elementor-widget-wrap\">\n\t\t\t\t\t\t\t<\/div>\n\t\t<\/div>\n\t\t\t\t<div class=\"elementor-column elementor-col-33 elementor-top-column elementor-element elementor-element-77ec246\" data-id=\"77ec246\" data-element_type=\"column\" data-e-type=\"column\">\n\t\t\t<div class=\"elementor-widget-wrap\">\n\t\t\t\t\t\t\t<\/div>\n\t\t<\/div>\n\t\t\t\t\t<\/div>\n\t\t<\/section>\n\t\t\t\t<section class=\"elementor-section elementor-top-section elementor-element elementor-element-9c904fa elementor-section-boxed elementor-section-height-default elementor-section-height-default wpr-particle-no wpr-jarallax-no wpr-parallax-no wpr-sticky-section-no wpr-equal-height-no qodef-elementor-content-no\" data-id=\"9c904fa\" data-element_type=\"section\" data-e-type=\"section\">\n\t\t\t\t\t\t<div class=\"elementor-container elementor-column-gap-default\">\n\t\t\t\t\t<div class=\"elementor-column elementor-col-100 elementor-top-column elementor-element elementor-element-a0acee0\" data-id=\"a0acee0\" data-element_type=\"column\" data-e-type=\"column\">\n\t\t\t<div class=\"elementor-widget-wrap elementor-element-populated\">\n\t\t\t\t\t\t<div class=\"elementor-element elementor-element-f220bb9 elementor-widget-divider--view-line elementor-widget elementor-widget-divider\" data-id=\"f220bb9\" data-element_type=\"widget\" data-e-type=\"widget\" data-widget_type=\"divider.default\">\n\t\t\t\t<div class=\"elementor-widget-container\">\n\t\t\t\t\t\t\t<div class=\"elementor-divider\">\n\t\t\t<span class=\"elementor-divider-separator\">\n\t\t\t\t\t\t<\/span>\n\t\t<\/div>\n\t\t\t\t\t\t<\/div>\n\t\t\t\t<\/div>\n\t\t\t\t\t<\/div>\n\t\t<\/div>\n\t\t\t\t\t<\/div>\n\t\t<\/section>\n\t\t\t\t<section class=\"elementor-section elementor-top-section elementor-element elementor-element-f6ee6be elementor-section-boxed elementor-section-height-default elementor-section-height-default wpr-particle-no wpr-jarallax-no wpr-parallax-no wpr-sticky-section-no wpr-equal-height-no qodef-elementor-content-no\" data-id=\"f6ee6be\" data-element_type=\"section\" data-e-type=\"section\">\n\t\t\t\t\t\t<div class=\"elementor-container elementor-column-gap-default\">\n\t\t\t\t\t<div class=\"elementor-column elementor-col-100 elementor-top-column elementor-element elementor-element-d3fbdfa\" data-id=\"d3fbdfa\" data-element_type=\"column\" data-e-type=\"column\">\n\t\t\t<div class=\"elementor-widget-wrap elementor-element-populated\">\n\t\t\t\t\t\t<div class=\"elementor-element elementor-element-3eeac43 elementor-widget elementor-widget-spacer\" data-id=\"3eeac43\" data-element_type=\"widget\" data-e-type=\"widget\" data-widget_type=\"spacer.default\">\n\t\t\t\t<div class=\"elementor-widget-container\">\n\t\t\t\t\t\t\t<div class=\"elementor-spacer\">\n\t\t\t<div class=\"elementor-spacer-inner\"><\/div>\n\t\t<\/div>\n\t\t\t\t\t\t<\/div>\n\t\t\t\t<\/div>\n\t\t\t\t\t<\/div>\n\t\t<\/div>\n\t\t\t\t\t<\/div>\n\t\t<\/section>\n\t\t\t\t<section class=\"elementor-section elementor-top-section elementor-element elementor-element-3b121ba elementor-section-boxed elementor-section-height-default elementor-section-height-default wpr-particle-no wpr-jarallax-no wpr-parallax-no wpr-sticky-section-no wpr-equal-height-no qodef-elementor-content-no\" data-id=\"3b121ba\" data-element_type=\"section\" data-e-type=\"section\">\n\t\t\t\t\t\t<div class=\"elementor-container elementor-column-gap-default\">\n\t\t\t\t\t<div class=\"elementor-column elementor-col-33 elementor-top-column elementor-element elementor-element-3b523b0\" data-id=\"3b523b0\" data-element_type=\"column\" data-e-type=\"column\">\n\t\t\t<div class=\"elementor-widget-wrap elementor-element-populated\">\n\t\t\t\t\t\t<div class=\"elementor-element elementor-element-c7867ee elementor-widget elementor-widget-toggle\" data-id=\"c7867ee\" data-element_type=\"widget\" data-e-type=\"widget\" data-widget_type=\"toggle.default\">\n\t\t\t\t<div class=\"elementor-widget-container\">\n\t\t\t\t\t\t\t<div class=\"elementor-toggle\">\n\t\t\t\t\t\t\t<div class=\"elementor-toggle-item\">\n\t\t\t\t\t<div id=\"elementor-tab-title-2091\" class=\"elementor-tab-title\" data-tab=\"1\" role=\"button\" aria-controls=\"elementor-tab-content-2091\" aria-expanded=\"false\">\n\t\t\t\t\t\t\t\t\t\t\t\t<span class=\"elementor-toggle-icon elementor-toggle-icon-left\" aria-hidden=\"true\">\n\t\t\t\t\t\t\t\t\t\t\t\t\t\t\t<span class=\"elementor-toggle-icon-closed\"><i class=\"fas fa-caret-right\"><\/i><\/span>\n\t\t\t\t\t\t\t\t<span class=\"elementor-toggle-icon-opened\"><i class=\"elementor-toggle-icon-opened fas fa-caret-up\"><\/i><\/span>\n\t\t\t\t\t\t\t\t\t\t\t\t\t<\/span>\n\t\t\t\t\t\t\t\t\t\t\t\t<a class=\"elementor-toggle-title\" tabindex=\"0\">Sobre mim<\/a>\n\t\t\t\t\t<\/div>\n\n\t\t\t\t\t<div id=\"elementor-tab-content-2091\" class=\"elementor-tab-content elementor-clearfix\" data-tab=\"1\" role=\"region\" aria-labelledby=\"elementor-tab-title-2091\"><p class=\"\" data-start=\"314\" data-end=\"584\">Ol\u00e1! Eu sou a Patricia, uma designer gr\u00e1fica portuguesa, de Aveiro.<br \/>O meu\u00a0<strong>percurso acad\u00e9mico<\/strong>\u00a0come\u00e7ou em\u00a0<strong>Artes Visuais,<\/strong>\u00a0e\u00a0<strong>Design<\/strong>, que estudei na Universidade de Aveiro. Se quiser aprofundar-se na minha experi\u00eancia, pode explorar o meu\u00a0<a href=\"https:\/\/www.linkedin.com\/in\/patricia-madaleno\/\">Linkedin<\/a>.<\/p><p class=\"\" data-start=\"586\" data-end=\"1062\">Desde muito nova que me senti atra\u00edda pelas artes, desde pintura, a trabalhos manuais. No entanto, com o tempo percebi que ser \u201cartista\u201d no sentido tradicional n\u00e3o era exatamente o meu caminho. Foi ent\u00e3o que descobri o design gr\u00e1fico, uma disciplina que me fez sentir que o trabalho nem sempre sabe a trabalho, criando  solu\u00e7\u00f5es visuais com estrat\u00e9gia. Esta \u00e1rea juntou a minha\u00a0<strong>inclina\u00e7\u00e3o art\u00edstica<\/strong>\u00a0\u00e0 minha\u00a0<strong>vertente l\u00f3gica.<\/strong>.<\/p><\/div>\n\t\t\t\t<\/div>\n\t\t\t\t\t\t\t<div class=\"elementor-toggle-item\">\n\t\t\t\t\t<div id=\"elementor-tab-title-2092\" class=\"elementor-tab-title\" data-tab=\"2\" role=\"button\" aria-controls=\"elementor-tab-content-2092\" aria-expanded=\"false\">\n\t\t\t\t\t\t\t\t\t\t\t\t<span class=\"elementor-toggle-icon elementor-toggle-icon-left\" aria-hidden=\"true\">\n\t\t\t\t\t\t\t\t\t\t\t\t\t\t\t<span class=\"elementor-toggle-icon-closed\"><i class=\"fas fa-caret-right\"><\/i><\/span>\n\t\t\t\t\t\t\t\t<span class=\"elementor-toggle-icon-opened\"><i class=\"elementor-toggle-icon-opened fas fa-caret-up\"><\/i><\/span>\n\t\t\t\t\t\t\t\t\t\t\t\t\t<\/span>\n\t\t\t\t\t\t\t\t\t\t\t\t<a class=\"elementor-toggle-title\" tabindex=\"0\">O que posso oferecer<\/a>\n\t\t\t\t\t<\/div>\n\n\t\t\t\t\t<div id=\"elementor-tab-content-2092\" class=\"elementor-tab-content elementor-clearfix\" data-tab=\"2\" role=\"region\" aria-labelledby=\"elementor-tab-title-2092\"><p data-start=\"194\" data-end=\"486\">Sou especializada em <strong>Branding e Design Editorial<\/strong>, desenvolvo <strong>Estrat\u00e9gias de Comunica\u00e7\u00e3o<\/strong>, e fa\u00e7o gest\u00e3o de <strong data-start=\"261\" data-end=\"288\">Redes Sociais.<\/strong>\u00a0O meu trabalho vai para al\u00e9m de criar solu\u00e7\u00f5es visuais: o meu trabalho baseia-se na constru\u00e7\u00e3o de um tom de voz \u00fanico e exclusivo de cada marca.<\/p><p data-start=\"488\" data-end=\"658\">Da gest\u00e3o ao desenvolvimento estrat\u00e9gico, fundamentalmente sirvo o prop\u00f3sito de ajudar as marcas a comunicarem com claridade e autenticidade a voz que elas desejam ter.<\/p><\/div>\n\t\t\t\t<\/div>\n\t\t\t\t\t\t\t<div class=\"elementor-toggle-item\">\n\t\t\t\t\t<div id=\"elementor-tab-title-2093\" class=\"elementor-tab-title\" data-tab=\"3\" role=\"button\" aria-controls=\"elementor-tab-content-2093\" aria-expanded=\"false\">\n\t\t\t\t\t\t\t\t\t\t\t\t<span class=\"elementor-toggle-icon elementor-toggle-icon-left\" aria-hidden=\"true\">\n\t\t\t\t\t\t\t\t\t\t\t\t\t\t\t<span class=\"elementor-toggle-icon-closed\"><i class=\"fas fa-caret-right\"><\/i><\/span>\n\t\t\t\t\t\t\t\t<span class=\"elementor-toggle-icon-opened\"><i class=\"elementor-toggle-icon-opened fas fa-caret-up\"><\/i><\/span>\n\t\t\t\t\t\t\t\t\t\t\t\t\t<\/span>\n\t\t\t\t\t\t\t\t\t\t\t\t<a class=\"elementor-toggle-title\" tabindex=\"0\">Abordagem Profissional<\/a>\n\t\t\t\t\t<\/div>\n\n\t\t\t\t\t<div id=\"elementor-tab-content-2093\" class=\"elementor-tab-content elementor-clearfix\" data-tab=\"3\" role=\"region\" aria-labelledby=\"elementor-tab-title-2093\"><p class=\"\" data-start=\"1540\" data-end=\"1773\">Inicio cada projeto com um passo essencial:\u00a0<strong>compreens\u00e3o<\/strong>. Invisto tempo a ouvir verdadeiramente os meus clientes: os seus objetivos, valores e vis\u00e3o. Vejo o meu papel como uma ferramenta para dar vida \u00e0s suas ideias com prop\u00f3sito e clareza.<\/p><p class=\"\" data-start=\"1775\" data-end=\"2022\">Depois de reunir toda a informa\u00e7\u00e3o necess\u00e1ria, desenvolvo uma\u00a0<strong>estrutura estrat\u00e9gica<\/strong>\u00a0que guia todo o processo criativo. Cada decis\u00e3o, at\u00e9 ao mais pequeno detalhe, segue a l\u00f3gica desse plano, de forma a garantir coer\u00eancia, impacto e resultados mensur\u00e1veis.<\/p><p class=\"\" data-start=\"2024\" data-end=\"2336\">O feedback e as revis\u00f5es s\u00e3o uma parte fundamental deste processo. N\u00e3o os encaro de forma pessoal; para mim, s\u00e3o oportunidades de melhorar e refinar. Afinal, o design n\u00e3o \u00e9 sobre autoexpress\u00e3o: \u00e9 sobre criar\u00a0<strong>solu\u00e7\u00f5es visuais<\/strong>\u00a0que\u00a0<strong>solucionam problemas reais<\/strong>\u00a0e fortalecem a presen\u00e7a de uma marca no mundo.<\/p><\/div>\n\t\t\t\t<\/div>\n\t\t\t\t\t\t\t<div class=\"elementor-toggle-item\">\n\t\t\t\t\t<div id=\"elementor-tab-title-2094\" class=\"elementor-tab-title\" data-tab=\"4\" role=\"button\" aria-controls=\"elementor-tab-content-2094\" aria-expanded=\"false\">\n\t\t\t\t\t\t\t\t\t\t\t\t<span class=\"elementor-toggle-icon elementor-toggle-icon-left\" aria-hidden=\"true\">\n\t\t\t\t\t\t\t\t\t\t\t\t\t\t\t<span class=\"elementor-toggle-icon-closed\"><i class=\"fas fa-caret-right\"><\/i><\/span>\n\t\t\t\t\t\t\t\t<span class=\"elementor-toggle-icon-opened\"><i class=\"elementor-toggle-icon-opened fas fa-caret-up\"><\/i><\/span>\n\t\t\t\t\t\t\t\t\t\t\t\t\t<\/span>\n\t\t\t\t\t\t\t\t\t\t\t\t<a class=\"elementor-toggle-title\" tabindex=\"0\">Compet\u00eancias &amp; Ferramentas<\/a>\n\t\t\t\t\t<\/div>\n\n\t\t\t\t\t<div id=\"elementor-tab-content-2094\" class=\"elementor-tab-content elementor-clearfix\" data-tab=\"4\" role=\"region\" aria-labelledby=\"elementor-tab-title-2094\"><p class=\"\" data-start=\"2361\" data-end=\"2656\">Trabalho sobretudo com a\u00a0<strong>Adobe Creative Cloud<\/strong>, como Illustrator, Photoshop, InDesign e After Effects. Utilizo tamb\u00e9m o\u00a0<strong>Figma<\/strong>\u00a0para design digital. A minha versatilidade permite que me adapte facilmente a diferentes formatos e plataformas, respondendo \u00e0s necessidades de cada cliente e projeto.<\/p><p class=\"\" data-start=\"2658\" data-end=\"2912\">Tenho uma atra\u00e7\u00e3o especial tanto pelas ind\u00fastrias cient\u00edficas como pelas art\u00edsticas. \u00c0 primeira vista, podem parecer opostos: uma guiada pela estrutura e precis\u00e3o, a outra pela liberdade e criatividade. Mas, para mim, refletem dois lados igualmente importantes de quem sou: a pensadora anal\u00edtica e a criadora expressiva. Adoro o desafio de navegar entre essas diferen\u00e7as para criar trabalho que n\u00e3o seja apenas bonito, mas tamb\u00e9m estrat\u00e9gico e eficaz.<\/p><\/div>\n\t\t\t\t<\/div>\n\t\t\t\t\t\t\t<div class=\"elementor-toggle-item\">\n\t\t\t\t\t<div id=\"elementor-tab-title-2095\" class=\"elementor-tab-title\" data-tab=\"5\" role=\"button\" aria-controls=\"elementor-tab-content-2095\" aria-expanded=\"false\">\n\t\t\t\t\t\t\t\t\t\t\t\t<span class=\"elementor-toggle-icon elementor-toggle-icon-left\" aria-hidden=\"true\">\n\t\t\t\t\t\t\t\t\t\t\t\t\t\t\t<span class=\"elementor-toggle-icon-closed\"><i class=\"fas fa-caret-right\"><\/i><\/span>\n\t\t\t\t\t\t\t\t<span class=\"elementor-toggle-icon-opened\"><i class=\"elementor-toggle-icon-opened fas fa-caret-up\"><\/i><\/span>\n\t\t\t\t\t\t\t\t\t\t\t\t\t<\/span>\n\t\t\t\t\t\t\t\t\t\t\t\t<a class=\"elementor-toggle-title\" tabindex=\"0\">Para al\u00e9m do Design<\/a>\n\t\t\t\t\t<\/div>\n\n\t\t\t\t\t<div id=\"elementor-tab-content-2095\" class=\"elementor-tab-content elementor-clearfix\" data-tab=\"5\" role=\"region\" aria-labelledby=\"elementor-tab-title-2095\"><p>Quando n\u00e3o estou a trabalhar, \u00e9 prov\u00e1vel que me encontrem desligada do ecr\u00e3, a passear na natureza, a ler ou a criar algo com as m\u00e3os. Estar ao ar livre \u00e9 a minha forma de recarregar energias e reconectar-me com a inspira\u00e7\u00e3o. Afinal, a natureza \u00e9 o designer original, cheia de padr\u00f5es, texturas e solu\u00e7\u00f5es que alimentam o meu pensamento criativo.<\/p><\/div>\n\t\t\t\t<\/div>\n\t\t\t\t\t\t\t\t<\/div>\n\t\t\t\t\t\t<\/div>\n\t\t\t\t<\/div>\n\t\t\t\t\t<\/div>\n\t\t<\/div>\n\t\t\t\t<div class=\"elementor-column elementor-col-66 elementor-top-column elementor-element elementor-element-c9cde79\" data-id=\"c9cde79\" data-element_type=\"column\" data-e-type=\"column\">\n\t\t\t<div class=\"elementor-widget-wrap elementor-element-populated\">\n\t\t\t\t\t\t<div class=\"elementor-element elementor-element-938a562 elementor-widget elementor-widget-image\" data-id=\"938a562\" data-element_type=\"widget\" data-e-type=\"widget\" data-widget_type=\"image.default\">\n\t\t\t\t<div class=\"elementor-widget-container\">\n\t\t\t\t\t\t\t\t\t\t\t\t\t\t\t<img fetchpriority=\"high\" decoding=\"async\" width=\"750\" height=\"900\" src=\"https:\/\/patriciamadaleno.com\/wp-content\/uploads\/2025\/05\/Profile-Picture.jpg\" class=\"attachment-full size-full wp-image-2044\" alt=\"Patricia Madaleno&#039;s Picture\" srcset=\"https:\/\/patriciamadaleno.com\/wp-content\/uploads\/2025\/05\/Profile-Picture.jpg 750w, https:\/\/patriciamadaleno.com\/wp-content\/uploads\/2025\/05\/Profile-Picture-250x300.jpg 250w\" sizes=\"(max-width: 750px) 100vw, 750px\" \/>\t\t\t\t\t\t\t\t\t\t\t\t\t\t\t<\/div>\n\t\t\t\t<\/div>\n\t\t\t\t\t<\/div>\n\t\t<\/div>\n\t\t\t\t\t<\/div>\n\t\t<\/section>\n\t\t\t\t<section class=\"elementor-section elementor-top-section elementor-element elementor-element-c7f6fe0 elementor-section-boxed elementor-section-height-default elementor-section-height-default wpr-particle-no wpr-jarallax-no wpr-parallax-no wpr-sticky-section-no wpr-equal-height-no qodef-elementor-content-no\" data-id=\"c7f6fe0\" data-element_type=\"section\" data-e-type=\"section\">\n\t\t\t\t\t\t<div class=\"elementor-container elementor-column-gap-default\">\n\t\t\t\t\t<div class=\"elementor-column elementor-col-100 elementor-top-column elementor-element elementor-element-caf7fa3\" data-id=\"caf7fa3\" data-element_type=\"column\" data-e-type=\"column\">\n\t\t\t<div class=\"elementor-widget-wrap elementor-element-populated\">\n\t\t\t\t\t\t<div class=\"elementor-element elementor-element-a4d08f5 elementor-widget elementor-widget-spacer\" data-id=\"a4d08f5\" data-element_type=\"widget\" data-e-type=\"widget\" data-widget_type=\"spacer.default\">\n\t\t\t\t<div class=\"elementor-widget-container\">\n\t\t\t\t\t\t\t<div class=\"elementor-spacer\">\n\t\t\t<div class=\"elementor-spacer-inner\"><\/div>\n\t\t<\/div>\n\t\t\t\t\t\t<\/div>\n\t\t\t\t<\/div>\n\t\t\t\t\t<\/div>\n\t\t<\/div>\n\t\t\t\t\t<\/div>\n\t\t<\/section>\n\t\t\t\t<section class=\"elementor-section elementor-top-section elementor-element elementor-element-bcb0780 elementor-section-boxed elementor-section-height-default elementor-section-height-default wpr-particle-no wpr-jarallax-no wpr-parallax-no wpr-sticky-section-no wpr-equal-height-no qodef-elementor-content-no\" data-id=\"bcb0780\" data-element_type=\"section\" data-e-type=\"section\">\n\t\t\t\t\t\t<div class=\"elementor-container elementor-column-gap-default\">\n\t\t\t\t\t<div class=\"elementor-column elementor-col-100 elementor-top-column elementor-element elementor-element-3477a92\" data-id=\"3477a92\" data-element_type=\"column\" data-e-type=\"column\">\n\t\t\t<div class=\"elementor-widget-wrap elementor-element-populated\">\n\t\t\t\t\t\t<div class=\"elementor-element elementor-element-78f7d9e elementor-widget elementor-widget-heading\" data-id=\"78f7d9e\" data-element_type=\"widget\" data-e-type=\"widget\" data-widget_type=\"heading.default\">\n\t\t\t\t<div class=\"elementor-widget-container\">\n\t\t\t\t\t<h2 class=\"elementor-heading-title elementor-size-default\">ENTRAR EM CONTACTO<\/h2>\t\t\t\t<\/div>\n\t\t\t\t<\/div>\n\t\t\t\t\t<\/div>\n\t\t<\/div>\n\t\t\t\t\t<\/div>\n\t\t<\/section>\n\t\t\t\t<section class=\"elementor-section elementor-top-section elementor-element elementor-element-915cf6f elementor-section-boxed elementor-section-height-default elementor-section-height-default wpr-particle-no wpr-jarallax-no wpr-parallax-no wpr-sticky-section-no wpr-equal-height-no qodef-elementor-content-no\" data-id=\"915cf6f\" data-element_type=\"section\" data-e-type=\"section\">\n\t\t\t\t\t\t<div class=\"elementor-container elementor-column-gap-default\">\n\t\t\t\t\t<div class=\"elementor-column elementor-col-100 elementor-top-column elementor-element elementor-element-e6a6c98\" data-id=\"e6a6c98\" data-element_type=\"column\" data-e-type=\"column\">\n\t\t\t<div class=\"elementor-widget-wrap elementor-element-populated\">\n\t\t\t\t\t\t<div class=\"elementor-element elementor-element-34aa508 elementor-widget elementor-widget-text-editor\" data-id=\"34aa508\" data-element_type=\"widget\" data-e-type=\"widget\" data-widget_type=\"text-editor.default\">\n\t\t\t\t<div class=\"elementor-widget-container\">\n\t\t\t\t\t\t\t\t\t<p style=\"text-align: center;\"><a href=\"https:\/\/www.linkedin.com\/in\/patricia-madaleno\/\" target=\"_blank\" rel=\"noopener\">LINKEDIN<\/a><br \/><a href=\"mailto:contact@patriciamadaleno.com\" target=\"_blank\" rel=\"noopener\">EMAIL<\/a><br \/><a href=\"https:\/\/www.behance.net\/patricimadalen\" target=\"_blank\" rel=\"noopener\">BEHANCE<\/a><\/p>\t\t\t\t\t\t\t\t<\/div>\n\t\t\t\t<\/div>\n\t\t\t\t\t<\/div>\n\t\t<\/div>\n\t\t\t\t\t<\/div>\n\t\t<\/section>\n\t\t\t\t<\/div>","protected":false},"excerpt":{"rendered":"<p>About Me About me Hello! I\u2019m Patricia Madaleno, a portuguese graphic designer.My\u00a0academic background\u00a0is rooted in\u00a0Visual Arts\u00a0and\u00a0Design, which I studied at the University of Aveiro. If you\u2019d like a deeper look at my journey, feel free to explore my\u00a0LinkedIn profile. From a young age, I\u2019ve been deeply drawn to the arts \u2014 from painting and crafts to music and visual storytelling. However, as I grew older, I realized that being an \u201cartist\u201d in the traditional sense wasn\u2019t quite my path. That\u2019s when I discovered graphic design \u2014 a discipline that felt like home. It allowed me to express creativity with a purpose: solving problems through structured visual communication. It gave form to both my\u00a0artistic inclinations\u00a0and my\u00a0logical mindset. What I can do for You I am specialized in branding and editorial design, and I also develop communication strategies, and manage social media\u00a0for my clients. My work goes beyond creating visuals: it\u2019s about building a clear tone of voice, designing content that reflects each brand\u2019s identity, and ensuring consistency across platforms. From planning and strategy to design and channel management, I help brands communicate with clarity and authenticity, while engaging their audiences in meaningful ways. My Design Approach Every design project begins with one key step:\u00a0understanding. I invest time in truly listening to my clients \u2014 their goals, their values, their vision. I see my role as a tool that brings their ideas to life with purpose and clarity. Once I\u2019ve gathered the necessary information, I develop a\u00a0strategic framework\u00a0that guides the entire creative process. Each decision I make \u2014 whether visual, functional, or emotional \u2014 follows the logic of this plan, ensuring coherence and impact. Feedback and revisions are an essential part of that process. I don\u2019t take them personally; instead, I see them as opportunities to refine and improve. After all, design isn\u2019t about self-expression alone \u2014 it\u2019s about creating\u00a0visual solutions\u00a0that\u00a0solve real problems\u00a0and elevate a brand\u2019s presence in the world. Tools &#038; Expertise I work primarily with\u00a0Adobe Creative Cloud, including Illustrator, Photoshop, InDesign, and After Effects. I also use\u00a0Figma\u00a0for digital design and interface projects. My versatility allows me to move fluidly across different formats and platforms, adapting to the needs of each client and brief. I\u2019m particularly drawn to both scientific and artistic industries. At first glance, they may seem like opposites \u2014 one driven by structure and precision, the other by freedom and creativity. But for me, they reflect two equally important sides of who I am: the analytical thinker and the expressive creator. I love the challenge of navigating those differences to craft work that is not only beautiful, but also strategic and effective. Beyond Design When I\u2019m not designing, you\u2019ll usually find me unplugged \u2014 walking in nature, reading, or creating something with my hands. Spending time outdoors is my way of recharging and reconnecting with inspiration. Nature is, after all, the original designer \u2014 full of patterns, textures, and solutions that fuel my creative thinking. GET IN TOUCH LINKEDINEMAILBEHANCE<\/p>","protected":false},"author":1,"featured_media":0,"parent":0,"menu_order":0,"comment_status":"closed","ping_status":"closed","template":"","meta":{"footnotes":""},"class_list":["post-1660","page","type-page","status-publish","hentry"],"_links":{"self":[{"href":"https:\/\/patriciamadaleno.com\/pt\/wp-json\/wp\/v2\/pages\/1660","targetHints":{"allow":["GET"]}}],"collection":[{"href":"https:\/\/patriciamadaleno.com\/pt\/wp-json\/wp\/v2\/pages"}],"about":[{"href":"https:\/\/patriciamadaleno.com\/pt\/wp-json\/wp\/v2\/types\/page"}],"author":[{"embeddable":true,"href":"https:\/\/patriciamadaleno.com\/pt\/wp-json\/wp\/v2\/users\/1"}],"replies":[{"embeddable":true,"href":"https:\/\/patriciamadaleno.com\/pt\/wp-json\/wp\/v2\/comments?post=1660"}],"version-history":[{"count":0,"href":"https:\/\/patriciamadaleno.com\/pt\/wp-json\/wp\/v2\/pages\/1660\/revisions"}],"wp:attachment":[{"href":"https:\/\/patriciamadaleno.com\/pt\/wp-json\/wp\/v2\/media?parent=1660"}],"curies":[{"name":"wp","href":"https:\/\/api.w.org\/{rel}","templated":true}]}}